{"id":1637,"date":"2023-11-30T15:18:58","date_gmt":"2023-11-30T14:18:58","guid":{"rendered":"\/karriere\/?page_id=1637"},"modified":"2025-08-26T11:24:46","modified_gmt":"2025-08-26T09:24:46","slug":"wen-suchen-wir","status":"publish","type":"page","link":"\/karriere\/wen-suchen-wir\/","title":{"rendered":"Wen suchen wir?"},"content":{"rendered":"\n<blockquote class=\"wp-block-quote is-layout-flow wp-block-quote-is-layout-flow\">\n<p class=\"has-text-align-center has-black-color has-text-color has-medium-font-size\">Erfahrung aus der K\u00e4lte- Klima- W\u00e4rme Branche ist von Vorteil f\u00fcr eine schnelle Einarbeitung, aber auch Personen aus artverwandten Branchen sind bei uns besonders willkommen. Au\u00dferdem freuen wir uns \u00fcber motivierte Quereinsteiger.<\/p>\n\n\n\n<p class=\"has-text-align-center has-black-color has-text-color has-medium-font-size\">Wichtig sind uns <strong>leistungsstarke, engagierte und motivierte<\/strong> Menschen mit einer ausgepr\u00e4gten <strong>\u201eHands-On\u201c Mentalit\u00e4t<\/strong> und <strong>Kundenfokussierung<\/strong>.<\/p>\n\n\n\n<p class=\"has-text-align-center has-black-color has-text-color has-medium-font-size\"><\/p>\n<\/blockquote>\n\n\n\n<div style=\"height:73px\" aria-hidden=\"true\" class=\"wp-block-spacer\"><\/div>\n\n\n\n<hr class=\"wp-block-separator has-alpha-channel-opacity\"\/>\n\n\n\n<h4 class=\"wp-block-heading has-text-align-center has-black-color has-text-color\"><strong> <\/strong><\/h4>\n\n\n\n<div class=\"wp-block-media-text has-media-on-the-right is-stacked-on-mobile\"><div class=\"wp-block-media-text__content\">\n<p class=\"has-black-color has-text-color\" style=\"font-size:44px\"><strong>Ausbildung<\/strong><\/p>\n\n\n\n<p class=\"has-black-color has-text-color\" style=\"font-size:21px\">Mach den n\u00e4chsten Schritt nach Deiner Schulausbildung. Starte ins Berufsleben im krisensicheren Wachstumsmarkt in der K\u00e4lte- Klima- W\u00e4rmepumpentechnik!<\/p>\n<\/div><figure class=\"wp-block-media-text__media\"><img loading=\"lazy\" decoding=\"async\" width=\"1024\" height=\"461\" src=\"\/karriere\/wp-content\/uploads\/sites\/2\/2023\/11\/Ausbildung-1-1024x461.jpg\" alt=\"\" class=\"wp-image-1683 size-full\" srcset=\"\/karriere\/wp-content\/uploads\/sites\/2\/2023\/11\/Ausbildung-1-1024x461.jpg 1024w, \/karriere\/wp-content\/uploads\/sites\/2\/2023\/11\/Ausbildung-1-300x135.jpg 300w, \/karriere\/wp-content\/uploads\/sites\/2\/2023\/11\/Ausbildung-1-768x346.jpg 768w, \/karriere\/wp-content\/uploads\/sites\/2\/2023\/11\/Ausbildung-1-1536x691.jpg 1536w, \/karriere\/wp-content\/uploads\/sites\/2\/2023\/11\/Ausbildung-1-640x288.jpg 640w, \/karriere\/wp-content\/uploads\/sites\/2\/2023\/11\/Ausbildung-1-1200x540.jpg 1200w, \/karriere\/wp-content\/uploads\/sites\/2\/2023\/11\/Ausbildung-1.jpg 1920w\" sizes=\"auto, (max-width: 639px) 98vw, (max-width: 1199px) 64vw, 770px\" \/><\/figure><\/div>\n\n\n\n<p><\/p>\n\n\n\n<div style=\"height:51px\" aria-hidden=\"true\" class=\"wp-block-spacer\"><\/div>\n\n\n\n<p class=\"has-black-color has-text-color has-medium-font-size\">Wir bieten Dir <strong>drei<\/strong> verschiedene Ausbildungsberufe an.<\/p>\n\n\n\n<p class=\"has-black-color has-text-color has-medium-font-size\"><\/p>\n\n\n\n<p class=\"has-black-color has-text-color has-medium-font-size\">Kaufm\u00e4nnisch:<\/p>\n\n\n\n<ul class=\"wp-block-list has-black-color has-text-color\">\n<li class=\"has-medium-font-size\"><strong>Kaufmann\/-frau im Gro\u00df- und Au\u00dfenhandel<\/strong>     <\/li>\n\n\n\n<li class=\"has-medium-font-size\"><strong>Kauffrau\/-mann im B\u00fcromanagement<\/strong><\/li>\n<\/ul>\n\n\n\n<h2 class=\"wp-block-heading has-black-color has-text-color has-medium-font-size\">Gewerblich:<\/h2>\n\n\n\n<ul class=\"wp-block-list has-black-color has-text-color\">\n<li class=\"has-medium-font-size\"><strong>Fachlagerist<\/strong> bzw.<\/li>\n\n\n\n<li class=\"has-medium-font-size\"><strong>Fachkraft f\u00fcr Lagerlogistik<\/strong> <\/li>\n<\/ul>\n\n\n\n<p class=\"has-black-color has-text-color has-medium-font-size\">Egal, f\u00fcr welche Richtung Du Dich bei uns entscheidest: <strong>Wir unterst\u00fctzen Dich auf Deinem Weg<\/strong>. Frigotechnik geht wie Du &#8211; <strong>nach vorn<\/strong>. Langweilig wird Dir bei uns nicht! Wir bieten eine <strong>umfangreiche<\/strong>, <strong>vielf\u00e4ltige<\/strong> Ausbildung! Von wo auch immer Du startest: Dein Umfeld ist von Teamgeist und Fortschritt gepr\u00e4gt. Wir wollen Deine<strong> Ideen und Vorschl\u00e4ge<\/strong>, die uns vorantreiben. Es warten spannende Projekte, bei denen Du mitwirken kannst. Mit <strong>festen Mentoren<\/strong> an Deiner Seite wirst Du bei Deiner Entwicklung unterst\u00fctzt. Lerne uns kennen und wecke Deine Leidenschaft f\u00fcr Frigotechnik. Lege mit uns den Grundstein f\u00fcr Deinen Karrierestart.<\/p>\n\n\n\n<p class=\"has-text-align-center has-black-color has-text-color has-small-font-size\"><em>Ausbildungsbeginn ist der 01.08. des jeweiligen Kalenderjahres.<\/em><\/p>\n\n\n\n<div style=\"height:100px\" aria-hidden=\"true\" class=\"wp-block-spacer\"><\/div>\n\n\n\n<i class=\"top fas fa-users\"><\/i>\n\n\n\n<h4 class=\"wp-block-heading has-text-align-center has-black-color has-text-color\"><strong>Berufseinsteiger &amp; Professionals<\/strong><\/h4>\n\n\n\n<p class=\"has-text-align-center has-black-color has-text-color has-medium-font-size\">Zeit f\u00fcr Ver\u00e4nderung. Frigotechnik &#8211; Die Zukunft fest im Blick!<\/p>\n\n\n\n<p class=\"has-black-color has-text-color has-medium-font-size\">Arbeiten bei Frigotechnik bedeutet vielf\u00e4ltige und attraktive Berufsm\u00f6glichkeiten. Wir bieten ein dynamisches Arbeitsumfeld, bei dem Ideen geh\u00f6rt und verwirklicht werden. F\u00fcr unseren Zukunftsmarkt suchen wir sowohl<strong> <\/strong><strong>wissbegierige Berufseinsteiger<\/strong> als auch <strong>erfahrene Fach- und F\u00fchrungskr\u00e4fte<\/strong> vorzugsweise aus dem K\u00e4lte- Klima- W\u00e4rme Bereich und artverwandten Branchen (z.B. SHK, Elektro etc.) und\/oder aus dem (technischen) Gro\u00dfhandel. Wir wollen nach vorn! Mit Leidenschaft und Begeisterung f\u00fcr den K\u00e4lte- Klima- W\u00e4rmepumpenmarkt. Es warten <strong>herausfordernde Aufgaben und spannende Projektm\u00f6glichkeiten<\/strong>, die Ihr Potenzial aussch\u00f6pfen und Ihre berufliche Entwicklung vorantreiben.<\/p>\n\n\n\n<p class=\"has-text-align-center has-black-color has-text-color has-medium-font-size\">Lassen Sie uns f\u00fcr das passende Klima sorgen!<\/p>\n\n\n\n<div style=\"height:100px\" aria-hidden=\"true\" class=\"wp-block-spacer\"><\/div>\n\n\n\n<p class=\"has-white-color has-text-color\"><\/p>\n\n\n\n<i class=\"top fas fa-graduation-cap\"><\/i>\n\n\n\n<h4 class=\"wp-block-heading has-text-align-center has-black-color has-text-color\"><strong>Hochschulabsolventen (Traineeprogramm)<\/strong><\/h4>\n\n\n\n<p class=\"has-text-align-center has-black-color has-text-color has-medium-font-size\">Vom Trainee zur F\u00fchrungspers\u00f6nlichkeit &#8211;<\/p>\n\n\n\n<p><\/p>\n\n\n\n<p class=\"has-text-align-center has-black-color has-text-color has-medium-font-size\">Unser Traineeprogramm mit <strong>vertrieblicher Ausrichtung<\/strong>:<\/p>\n\n\n\n<p class=\"has-black-color has-text-color has-medium-font-size\">Als (angehender) Hochschulabsolvent (m\/w\/d) bringen Sie idealerweise bereits erste Berufserfahrung und Begeisterung f\u00fcr den Vertrieb mit. Wir suchen <strong>hochengagierte-, fachlich kompetente- und pflichtbewusste Talente<\/strong>, die Lust haben uns weiter voran zu bringen. Im <strong>ma\u00dfgeschneiderten<\/strong> Programm mit festen <strong>Mentoren<\/strong> an Ihrer Seite bereiten wir Sie auf eine Schl\u00fcsselposition, beispielsweise als (stellvertretende) Niederlassungsleitung vor.<\/p>\n\n\n\n<p><\/p>\n\n\n\n<p class=\"has-black-color has-text-color has-medium-font-size\">Das <strong>zweij\u00e4hrige<\/strong> Traineeprogramm beinhaltet:<\/p>\n\n\n\n<ul class=\"wp-block-list has-black-color has-text-color has-medium-font-size\">\n<li class=\"has-medium-font-size\">Individuell strukturierte, mehrmonatige Eins\u00e4tze an unseren deutschlandweiten Standorten.<\/li>\n\n\n\n<li class=\"has-medium-font-size\">Umfassende Einblicke in s\u00e4mtliche (Fach-)Bereiche von Frigotechnik.<\/li>\n\n\n\n<li class=\"has-medium-font-size\">Erfahrene und ausgebildete Fach- und F\u00fchrungskr\u00e4fte, die ihr Wissen mit Ihnen teilen und Sie in Ihrer Entwicklung begleiten.<\/li>\n\n\n\n<li class=\"has-medium-font-size\">Eine Unternehmenskultur mit offenen T\u00fcren, f\u00fcr Ihre Ideen und Visionen.<\/li>\n\n\n\n<li class=\"has-medium-font-size\">Seminare und Trainings, die Sie zum Vertriebsexperten ausbilden.<\/li>\n<\/ul>\n\n\n\n<p class=\"has-white-color has-text-color\"><\/p>\n\n\n\n<div style=\"height:73px\" aria-hidden=\"true\" class=\"wp-block-spacer\"><\/div>\n\n\n\n<hr class=\"wp-block-separator has-alpha-channel-opacity\"\/>\n\n\n\n<p class=\"has-text-align-center has-black-color has-white-background-color has-text-color has-background has-medium-font-size\">\u00dcberzeugen Sie uns mit <strong>Pers\u00f6nlichkeit und fachlicher Kompetenz<\/strong>. <\/p>\n\n\n\n<p class=\"has-text-align-center has-black-color has-white-background-color has-text-color has-background has-medium-font-size\">Sie m\u00fcssen nicht 100%ig unserem Wunschprofil entsprechen. Wichtiger ist uns, dass wir zueinander passen!<\/p>\n\n\n\n<p><\/p>\n\n\n","protected":false},"excerpt":{"rendered":"<p>Erfahrung aus der K\u00e4lte- Klima- W\u00e4rme Branche ist von Vorteil f\u00fcr eine schnelle Einarbeitung, aber auch Personen aus artverwandten Branchen sind bei uns besonders willkommen. Au\u00dferdem freuen wir uns \u00fcber motivierte Quereinsteiger. Wichtig sind uns leistungsstarke, engagierte und motivierte Menschen mit einer ausgepr\u00e4gten \u201eHands-On\u201c Mentalit\u00e4t und Kundenfokussierung. Ausbildung Mach den n\u00e4chsten Schritt nach Deiner Schulausbildung. [&hellip;]<\/p>\n","protected":false},"author":13,"featured_media":0,"parent":0,"menu_order":0,"comment_status":"closed","ping_status":"closed","template":"page-templates\/without-header.php","meta":{"footnotes":""},"class_list":["post-1637","page","type-page","status-publish","hentry"],"_links":{"self":[{"href":"\/karriere\/wp-json\/wp\/v2\/pages\/1637","targetHints":{"allow":["GET"]}}],"collection":[{"href":"\/karriere\/wp-json\/wp\/v2\/pages"}],"about":[{"href":"\/karriere\/wp-json\/wp\/v2\/types\/page"}],"author":[{"embeddable":true,"href":"\/karriere\/wp-json\/wp\/v2\/users\/13"}],"replies":[{"embeddable":true,"href":"\/karriere\/wp-json\/wp\/v2\/comments?post=1637"}],"version-history":[{"count":23,"href":"\/karriere\/wp-json\/wp\/v2\/pages\/1637\/revisions"}],"predecessor-version":[{"id":2822,"href":"\/karriere\/wp-json\/wp\/v2\/pages\/1637\/revisions\/2822"}],"wp:attachment":[{"href":"\/karriere\/wp-json\/wp\/v2\/media?parent=1637"}],"curies":[{"name":"wp","href":"https:\/\/api.w.org\/{rel}","templated":true}]}}