{"id":32,"date":"2021-03-04T09:09:43","date_gmt":"2021-03-04T08:09:43","guid":{"rendered":"http:\/\/abzufrigo.de\/?page_id=32"},"modified":"2023-11-09T19:16:12","modified_gmt":"2023-11-09T18:16:12","slug":"datenschutz","status":"publish","type":"page","link":"\/karriere\/datenschutz\/","title":{"rendered":"Datenschutz"},"content":{"rendered":"\n<h1 class=\"wp-block-heading\">Datenschutz\u00aderkl\u00e4rung<\/h1>\n\n\n\n<p>Mit diesen Datenschutzhinweisen informieren wir Sie \u00fcber den Umgang mit Ihren Daten. Im Hinblick auf die verwendeten Begrifflichkeiten, wie z.B. \u201eVerarbeitung\u201c oder \u201eVerantwortlicher\u201c verweisen wir auf die Definitionen aus Art. 4 DSGVO der Datenschutzgrundverordnung (DSGVO). Unsere Webseiten richten sich nicht an Kinder und Jugendliche unter 16 Jahren.<\/p>\n\n\n\n<h2 class=\"wp-block-heading\">Wer ist f\u00fcr die Verarbeitung verantwortlich?<\/h2>\n\n\n\n<p>Frigotechnik Handels-GmbH, Ruhrstra\u00dfe 111, 22761 Hamburg, telefonisch erreichbar unter +49 40 540088-3, sowie per E-Mail: info@frigotechnik.de.<\/p>\n\n\n\n<h2 class=\"wp-block-heading\">Wie erreichen Sie unseren Datenschutzbeauftragten?<\/h2>\n\n\n\n<p>Die Kontaktdaten unseres externen betrieblichen Datenschutzbeauftragten lauten: <a href=\"https:\/\/datenschutzbeauftragter-hamburg.de\/\">Mau\u00df Datenschutz GmbH<\/a>, Neuer Wall 10, 20354 Hamburg. Unseren Datenschutzbeauftragten erreichen Sie auf dem postalischen Weg (s. o.) oder unter Telefon: +49 40 999 99 52-0 sowie per E-Mail:&nbsp;<a href=\"mailto:datenschutz@datenschutzbeauftragter-hamburg.de\">datenschutz@datenschutzbeauftragter-hamburg.de<\/a>.<\/p>\n\n\n\n<h2 class=\"wp-block-heading\">Was machen wir mit Ihren Daten?<\/h2>\n\n\n\n<p>Im Folgenden erfahren Sie, wann welche Daten erhoben werden, wie sie verwendet werden (Art, Umfang und Zweck der Verarbeitung von personenbezogenen Daten) sowie die Rechtsgrundlage und die Dauer der Speicherung.<\/p>\n\n\n\n<h3 class=\"wp-block-heading\">Betrieb des Webservers, Auslieferung der Webseiten<\/h3>\n\n\n\n<p>Bei Ihrem Besuch auf unseren Webseiten verarbeiten wir automatisiert folgende Daten von Ihnen, um unsere Webseiten und die dar\u00fcber erbrachten Dienste bereitstellen zu k\u00f6nnen:<\/p>\n\n\n\n<ul class=\"wp-block-list\">\n<li>Browsertyp und Browserversion<\/li>\n\n\n\n<li>verwendetes Betriebssystem<\/li>\n\n\n\n<li>Referrer URL<\/li>\n\n\n\n<li>Hostname des zugreifenden Rechners<\/li>\n\n\n\n<li>Uhrzeit der Serveranfrage<\/li>\n\n\n\n<li>IP-Adresse<\/li>\n<\/ul>\n\n\n\n<p>Diese Informationen werden von uns aus Sicherheitsgr\u00fcnden in Logfiles gespeichert. Die in den Logfiles vorhandenen Daten werden getrennt von anderen Daten von Ihnen gespeichert.<\/p>\n\n\n\n<p>Eine l\u00e4ngere Speicherung erfolgt nur im begr\u00fcndeten Einzelfall (z.B. bei Missbrauchs- oder Betrugsverdacht oder bei Angriffen auf unseren Webserver). In diesen F\u00e4llen werden die jeweiligen Logfiles so lange gespeichert, bis der Sachverhalt gekl\u00e4rt ist und die sich daraus ergebenden Ma\u00dfnahmen abgeschlossen sind.<\/p>\n\n\n\n<p>Um Ihnen unsere Webseiten und die dar\u00fcber erbrachten Dienste bereitstellen zu k\u00f6nnen, setzen wir einen Dienstleister ein (Webhoster), welcher Ihre Daten in unserem Auftrag und ausschlie\u00dflich gem\u00e4\u00df unseren Weisungen verarbeitet<\/p>\n\n\n\n<p>Plusnet GmbH, Rudi-Conin-Stra\u00dfe 5a, 50829 K\u00f6ln<\/p>\n\n\n\n<p>Rechtsgrundlage f\u00fcr die Verarbeitung Ihrer Daten ist Art. 6 Abs. 1 lit. f DSGVO. Wir haben ein berechtigtes Interesse daran, Ihre Daten zu verarbeiten, damit wir Ihnen unsere Webseiten und die dar\u00fcber erbrachten Dienste technisch einwandfrei, sicher und f\u00fcr Ihre Bed\u00fcrfnisse optimiert anbieten k\u00f6nnen. Dar\u00fcber hinaus ist unser weiteres berechtigtes Interesse, Betrugsversuche oder Angriffe auf unsere Webseiten zu erkennen und abzuwehren.<\/p>\n\n\n\n<h3 class=\"wp-block-heading\">Kontaktformular<\/h3>\n\n\n\n<p>Sie k\u00f6nnen mit uns \u00fcber unser Kontaktformular auf unserer Website in Kontakt treten. Dies geschieht zum Zwecke der Bearbeitung Ihrer Anfrage. Mit der \u00dcbermittlung Ihrer Daten willigen Sie in die Verarbeitung dieser Daten und in die eventuelle Kontaktaufnahme in diesem Zusammenhang durch uns ein. Dies geschieht, um Ihre Anfragen bearbeiten zu k\u00f6nnen, soweit dies zur Beantwortung der Kontaktanfragen und etwaiger angefragter Ma\u00dfnahmen erforderlich ist.<\/p>\n\n\n\n<p>Rechtsgrundlage f\u00fcr die Verarbeitung Ihrer Daten im Rahmen einer Kontaktaufnahme mit uns ist Art. 6 Abs. 1 lit. a DSGVO, Ihre Einwilligung. Etwas anderes gilt nur dann, wenn der Inhalt Ihrer Kontaktaufnahme unmittelbar dazu dient, eine zwischen Ihnen und uns bestehende Vertragsbeziehung anzubahnen oder durchzuf\u00fchren. In diesen F\u00e4llen st\u00fctzen wir die Verarbeitung Ihrer Daten auf Art. 6 Abs. 1 lit. b DSGVO.<\/p>\n\n\n\n<p>Ihre Daten werden gel\u00f6scht, sobald sie nicht mehr erforderlich sind und keinen gesetzlichen Aufbewahrungspflichten unterliegen oder Sie Ihre Einwilligung widerrufen.<\/p>\n\n\n\n<h3 class=\"wp-block-heading\">Anfragen per E-Mail, Telefon oder Fax<\/h3>\n\n\n\n<p>Wenn Sie uns per E-Mail, Telefon oder Telefax kontaktieren, wird Ihre Anfrage inklusive aller daraus hervorgehenden personenbezogenen Daten zum Zwecke der Bearbeitung Ihres Anliegens bei uns gespeichert und verarbeitet.<\/p>\n\n\n\n<p>Rechtsgrundlage f\u00fcr die Verarbeitung Ihrer Daten im Rahmen einer Kontaktaufnahme mit uns ist Art. 6 Abs. 1 lit. a DSGVO, Ihre Einwilligung. Etwas anderes gilt nur dann, wenn der Inhalt Ihrer Kontaktaufnahme unmittelbar dazu dient, eine zwischen Ihnen und uns bestehende Vertragsbeziehung anzubahnen oder durchzuf\u00fchren. In diesen F\u00e4llen st\u00fctzen wir die Verarbeitung Ihrer Daten auf Art. 6 Abs. 1 lit. b DSGVO.<\/p>\n\n\n\n<p>Ihre Daten werden gel\u00f6scht, sobald sie nicht mehr erforderlich sind und keinen gesetzlichen Aufbewahrungspflichten unterliegen oder Sie Ihre Einwilligung widerrufen.<\/p>\n\n\n\n<h2 class=\"wp-block-heading\">Verarbeitung Ihrer Daten im Bewerbungskontext<\/h2>\n\n\n\n<p>Die Verarbeitung personenbezogener Daten erfolgt in erster Linie im Bewerbungskontext, d.h. insbe-sondere f\u00fcr Zwecke der Bewerberauswahl und Einstellung. Rechtsgrundlage ist Art. 6 Abs. 1 lit. b DSGVO i.V.m. Art. 88 Abs. 1 DSGVO, ggf. i.V.m. \u00a7 26 Abs. 4 BDSG.<\/p>\n\n\n\n<p><a><\/a>Wir verarbeiten Ihre personenbezogenen Daten f\u00fcr die Dauer des Bewerbungsverfahrens. Bei Ablehnung sind dies in der Regel sechs Monate nach Ende des Bewerbungsverfahrens. Sofern Ihre personenbezogenen Daten dar\u00fcber hinaus ben\u00f6tigt werden (etwa zur im Zusammenhang mit der Geltendmachung oder Abwehr von zivilrechtlichen Anspr\u00fcchen im Zusammenhang mit Ihrer Bewerbung), erfolgt eine L\u00f6schung, sobald die weitere Speicherung der Daten zu diesen Zwecken nicht mehr erforderlich ist (Allgemeinen Gleichbehandlungsgesetz (AGG) i.V.m. Art. 17 Abs. 3 lit. b und e DSGVO).<\/p>\n\n\n\n<p>Bei Einstellung speichern wir Ihre Daten dar\u00fcber hinaus in der Personalakte.<\/p>\n\n\n\n<h3 class=\"wp-block-heading\">Verarbeitung besonderer Kategorien personenbezogener Daten<\/h3>\n\n\n\n<p>Sofern und soweit wir besondere Kategorien personenbezogener Daten verarbeiten, dient dies dem Bewerbungsverfahren zur Erf\u00fcllung gesetzlich vorgesehener Rechte und Pflichten im Bereich des Arbeitsrechts, des Rechts der sozialen Sicherheit oder des Sozialschutzes (Art. 9 Abs. 2 lit. b DSGVO i.V.m. \u00a7 26 Abs. 3 BDSG) sowie zur Beurteilung der Arbeitsf\u00e4higkeit (Art. 9 Abs. 2 lit. h i.V.m. 22 Abs. 1 lit. b BDSG). Wir verarbeiten ausschlie\u00dflich Daten, die Sie uns selbst zur Verf\u00fcgung gestellt haben.<\/p>\n\n\n\n<h3 class=\"wp-block-heading\">Aufnahme in den Bewerber-Pool<\/h3>\n\n\n\n<p>Sofern wir Ihnen kein Stellenangebot machen k\u00f6nnen, besteht ggf. die M\u00f6glichkeit, Sie in unseren Bewerber-Pool aufzunehmen. Rechtsgrundlage f\u00fcr diese Verarbeitung ist Ihre Einwilligung gem. Art. 6 Abs. 1 lit. a DSGVO. Sofern Sie in diese Speicherung Ihrer Daten f\u00fcr eventuelle sp\u00e4tere Stellenbesetzungsverfahren eingewilligt haben, speichern wir Ihre Daten f\u00fcr maximal 2 Jahre und l\u00f6schen Sie dann unaufgefordert. Vor Ablauf dieser Frist k\u00f6nnen Sie Ihre Daten jederzeit aus dem Bewerber-Pool l\u00f6schen lassen, indem Sie Ihre Einwilligung widerrufen. Bitte senden Sie den Widerruf an unsere Personalabteilung, beispielsweise Ihren bisherigen Ansprechpartner.<\/p>\n\n\n\n<p>F\u00fcr den Fall, dass Sie auf Grund der von Ihnen angegebenen Daten f\u00fcr eine andere Stellenausschreibung in Frage kommen, werden wir Sie hierf\u00fcr ber\u00fccksichtigen und die Bewerbungsunterlagen intern an den entsprechenden Fachbereich weiterleiten. Hierdurch brauche Sie uns Ihre Bewerbungsunterlagen nicht erneut zur Verf\u00fcgung zu stellen und werden durch uns automatisch f\u00fcr offene Stellen ber\u00fccksichtigt.<\/p>\n\n\n\n<p>Sofern Ihre personenbezogenen Daten dar\u00fcber hinaus (etwa zur im Zusammenhang mit der Geltendmachung oder Abwehr von zivilrechtlichen Anspr\u00fcchen im Zusammenhang mit Ihrer Bewerbung) ben\u00f6tigt werden, erfolgt eine L\u00f6schung, sobald die weitere Speicherung der Daten zu diesen Zwecken nicht mehr erforderlich ist. Auch in diesem Fall beruht die Speicherung auf Art. 6 Abs. 1 lit. f DSGVO.<\/p>\n\n\n\n<h2 class=\"wp-block-heading\">Automatisierte Entscheidungsfindung<\/h2>\n\n\n\n<p>Sofern oben bei den einzelnen Verarbeitungen nichts anderes erw\u00e4hnt wird, verzichten wir auf jegliche automatisierte Entscheidungsfindung.<\/p>\n\n\n\n<h2 class=\"wp-block-heading\">\u00dcbermittlung von personenbezogenen Daten ins Nicht-EU-Ausland, Serverstandort<\/h2>\n\n\n\n<p>Im Rahmen von Bewerbungen und der damit verbundenen Kommunikation \u00fcbermitteln wir keine personenbezogene Daten ins au\u00dfereurop\u00e4ische Ausland. Standort der von uns genutzten Webserver ist Deutschland.<\/p>\n\n\n\n<h2 class=\"wp-block-heading\">Pflicht zur Datenbereitstellung<\/h2>\n\n\n\n<p>Sie sind weder gesetzlich noch vertraglich verpflichtet, uns im Rahmen der Nutzung unserer Webseite personenbezogene Daten zur Verf\u00fcgung zu stellen. Ohne Bereitstellung Ihrer IP-Adresse lassen sich unsere Seiten allerdings nicht abrufen. Dar\u00fcber hinaus k\u00f6nnen wir Ihre Bewerbung nur bearbeiten, sofern Sie uns die daf\u00fcr notwendigen Daten bereitstellen.<\/p>\n\n\n\n<h2 class=\"wp-block-heading\">Ihre Rechte<\/h2>\n\n\n\n<p>Wenn Sie von einem Ihnen zustehenden Recht Gebrauch machen m\u00f6chten, wenden Sie sie bitte an uns als Verantwortlichen unter den oben angegebenen Kontaktdaten oder nutzen Sie eine der anderen von uns angebotenen Arten uns diese Mitteilung zukommen zu lassen.<\/p>\n\n\n\n<h3 class=\"wp-block-heading\">Recht auf Auskunft<\/h3>\n\n\n\n<p>Nach Art. 15 DSGVO haben Sie das Recht, von uns eine Best\u00e4tigung dar\u00fcber zu verlangen, ob durch uns Sie betreffende personenbezogene Daten verarbeitet werden. Wenn dies der Fall ist, so haben Sie ein Recht auf Auskunft \u00fcber diese personenbezogenen Daten und auf weitergehende Informationen, die in Art. 15 DSGVO genannt sind.<\/p>\n\n\n\n<h3 class=\"wp-block-heading\">Recht auf Berichtigung\/Erg\u00e4nzung<\/h3>\n\n\n\n<p>Nach Art. 16 DSGVO haben Sie das Recht, von uns unverz\u00fcglich die Berichtigung unrichtiger personenbezogener Daten zu verlangen, die Sie betreffen. Unter Ber\u00fccksichtigung der Zwecke der Verarbeitung haben Sie ferner das Recht, die Vervollst\u00e4ndigung unvollst\u00e4ndiger personenbezogener Daten \u2013 auch mittels einer erg\u00e4nzenden Erkl\u00e4rung \u2013 zu verlangen.<\/p>\n\n\n\n<h3 class=\"wp-block-heading\">Recht auf L\u00f6schung<\/h3>\n\n\n\n<p>Sie haben das Recht von uns zu verlangen, dass Sie betreffende personenbezogene Daten unverz\u00fcglich gel\u00f6scht werden. Wir sind verpflichtet, personenbezogene Daten unverz\u00fcglich zu l\u00f6schen, sofern die entsprechenden Voraussetzungen des Art. 17 DSGVO vorliegen. Wegen der Einzelheiten verweisen wir auf Art. 17 DSGVO.<\/p>\n\n\n\n<h3 class=\"wp-block-heading\">Recht auf Einschr\u00e4nkung der Verarbeitung<\/h3>\n\n\n\n<p>Nach Ma\u00dfgabe des Art. 18 DSGVO haben Sie unter bestimmten Voraussetzungen das Recht, von uns die Einschr\u00e4nkung der Verarbeitung Ihrer personenbezogenen Daten zu verlangen.<\/p>\n\n\n\n<h3 class=\"wp-block-heading\">Recht auf Daten\u00fcbertragbarkeit<\/h3>\n\n\n\n<p>Nach Art. 20 DSGVO haben Sie das Recht, die Sie betreffenden personenbezogenen Daten, die Sie uns bereitgestellt haben, in einem strukturierten, g\u00e4ngigen und maschinenlesbaren Format zu erhalten, und Sie haben das Recht, diese Daten einem anderen Verantwortlichen ohne Behinderung durch uns zu \u00fcbermitteln, sofern die Verarbeitung auf einer Einwilligung gem\u00e4\u00df Art. 6 Abs. 1 lit. a DSGVO oder Art. 9 Abs. 2 lit. a DSGVO der auf einem Vertrag gem\u00e4\u00df Art. 6 Abs. 1 lit. b DSGVO beruht und die Verarbeitung mithilfe automatisierter Verfahren erfolgt.<\/p>\n\n\n\n<h3 class=\"wp-block-heading\">Recht auf Widerruf einer Einwilligung<\/h3>\n\n\n\n<p>Nach Art. 7 DSGVO haben Sie das Recht, eine erteilte Einwilligung jederzeit und ohne Begr\u00fcndung zu widerrufen. Bitte beachten Sie, dass ein Widerruf ausschlie\u00dflich f\u00fcr die Zukunft gilt und die Rechtm\u00e4\u00dfigkeit in der Vergangenheit durchgef\u00fchrter Verarbeitungen nicht ber\u00fchrt wird.<\/p>\n\n\n\n<p>Sofern Sie die Einwilligung zur Verarbeitung Ihrer Daten im Bewerbungskontext widerrufen, k\u00f6nnen wir Sie ab dem Zeitpunkt des Widerrufs bei der Stellenbesetzung nicht ber\u00fccksichtigen.<\/p>\n\n\n\n<blockquote class=\"wp-block-quote is-layout-flow wp-block-quote-is-layout-flow\">\n<h3 class=\"wp-block-heading\">Widerspruchsrecht<\/h3>\n\n\n\n<p><strong>Wenn wir unser berechtigtes Interesse gem\u00e4\u00df Art. 6 Abs. 1 lit. f DSGVO als Rechtsgrundlage benennen, steht Ihnen gem\u00e4\u00df Art. 21 DSGVO das nachfolgend aufgef\u00fchrte Widerspruchsrecht zu.<\/strong><\/p>\n\n\n\n<p><strong>Nach Art. 21 DSGVO haben Sie das Recht gegen die Verarbeitung Sie betreffender personenbezogener Daten, die auf Grundlage von Artikel 6 Abs. 1 litt. e oder f DSGVO erfolgt, Widerspruch einzulegen; dies gilt auch f\u00fcr ein auf diese Bestimmungen gest\u00fctztes Profiling.<\/strong><\/p>\n\n\n\n<p><strong>Sofern wir Ihre personenbezogenen Daten verarbeiten, um Direktwerbung zu betreiben, haben Sie jederzeit das Recht, gegen die Verarbeitung sie betreffender personenbezogener Daten zum Zwecke derartiger Werbung Widerspruch einzulegen; dies gilt auch f\u00fcr das Profiling, soweit es mit solcher Direktwerbung in Verbindung steht.<\/strong><\/p>\n<\/blockquote>\n\n\n\n<h3 class=\"wp-block-heading\">Beschwerderecht<\/h3>\n\n\n\n<p>Sie haben nach Art. 77 DSGVO unbeschadet eines anderweitigen verwaltungsrechtlichen oder gerichtlichen Rechtsbehelfs das Recht, sich bei einer Aufsichtsbeh\u00f6rde f\u00fcr den Datenschutz zu beschweren. Dieses Recht besteht insbesondere in dem Mitgliedstaat ihres Aufenthaltsorts, ihres Arbeitsplatzes oder des Orts des mutma\u00dflichen Versto\u00dfes, wenn Sie der Ansicht sind, dass die Verarbeitung der Sie betreffenden personenbezogenen Daten gegen die DSGVO verst\u00f6\u00dft.<\/p>\n\n\n\n<h2 class=\"wp-block-heading\">\u00c4nderungsvorbehalt<\/h2>\n\n\n\n<p>Wir behalten uns das Recht vor, jederzeit die Sicherheits- und Datenschutzma\u00dfnahmen zu ver\u00e4ndern. Bitte beachten Sie daher die jeweils aktuelle Version dieser Datenschutzhinweise.<\/p>\n","protected":false},"excerpt":{"rendered":"<p>Datenschutz\u00aderkl\u00e4rung Mit diesen Datenschutzhinweisen informieren wir Sie \u00fcber den Umgang mit Ihren Daten. Im Hinblick auf die verwendeten Begrifflichkeiten, wie z.B. \u201eVerarbeitung\u201c oder \u201eVerantwortlicher\u201c verweisen wir auf die Definitionen aus Art. 4 DSGVO der Datenschutzgrundverordnung (DSGVO). Unsere Webseiten richten sich nicht an Kinder und Jugendliche unter 16 Jahren. Wer ist f\u00fcr die Verarbeitung verantwortlich? Frigotechnik [&hellip;]<\/p>\n","protected":false},"author":1,"featured_media":0,"parent":0,"menu_order":0,"comment_status":"closed","ping_status":"closed","template":"page-templates\/without-header.php","meta":{"footnotes":""},"class_list":["post-32","page","type-page","status-publish","hentry"],"_links":{"self":[{"href":"\/karriere\/wp-json\/wp\/v2\/pages\/32","targetHints":{"allow":["GET"]}}],"collection":[{"href":"\/karriere\/wp-json\/wp\/v2\/pages"}],"about":[{"href":"\/karriere\/wp-json\/wp\/v2\/types\/page"}],"author":[{"embeddable":true,"href":"\/karriere\/wp-json\/wp\/v2\/users\/1"}],"replies":[{"embeddable":true,"href":"\/karriere\/wp-json\/wp\/v2\/comments?post=32"}],"version-history":[{"count":9,"href":"\/karriere\/wp-json\/wp\/v2\/pages\/32\/revisions"}],"predecessor-version":[{"id":1632,"href":"\/karriere\/wp-json\/wp\/v2\/pages\/32\/revisions\/1632"}],"wp:attachment":[{"href":"\/karriere\/wp-json\/wp\/v2\/media?parent=32"}],"curies":[{"name":"wp","href":"https:\/\/api.w.org\/{rel}","templated":true}]}}