{"id":34,"date":"2021-03-04T09:11:02","date_gmt":"2021-03-04T08:11:02","guid":{"rendered":"http:\/\/abzufrigo.de\/?page_id=34"},"modified":"2024-12-23T12:19:17","modified_gmt":"2024-12-23T11:19:17","slug":"impressum","status":"publish","type":"page","link":"\/karriere\/impressum\/","title":{"rendered":"Impressum"},"content":{"rendered":"\n<h1 class=\"wp-block-heading has-black-color has-text-color\">Impressum<\/h1>\n\n\n\n<h2 class=\"wp-block-heading has-black-color has-text-color\">Frigotechnik Handels-GmbH<\/h2>\n\n\n\n<p class=\"has-black-color has-text-color\">Ruhrstra\u00dfe 111<br>22761 Hamburg<br><br>Telefon: 040 540088-3<br>Telefax: 040 540088-87<br><a href=\"mailto:info@frigotechnik.de\">info@frigotechnik.de<\/a><br><br>Gesch\u00e4ftsf\u00fchrer:<br>Kuno Holz, Wassim Dahche<br><br>Sitz:<br>Hamburg<br><br>Registernummer:<br>HRB 26101<br><br>Steuer-Nr.:<br>41\/724\/02254<br><br>Allgemeine Gesch\u00e4ftsbedingungen:<br>AGB als pdf herunterladen<\/p>\n\n\n\n<p class=\"has-black-color has-text-color\">Ust.-ID-Nr.:<br>DE 118550276<br><br>Urheberrecht:<br>Die Web-Seiten www.frigotechnik.de und ihre Inhalte unterliegen dem (c) copyright der Frigotechnik Handels-GmbH. Alle Rechte sind vorbehalten.<\/p>\n\n\n\n<p class=\"has-black-color has-text-color\">Europ\u00e4ische Online-Streitbeilegungs-Plattform:<br>Gem\u00e4\u00df EU-Verordnung (EU) Nr. 524\/2013) sind wir als Anbieter eines Onlineshops dazu verpflichtet, einen Link auf die europ\u00e4ische Online-Streitbeilegungs-Plattform; OS-Plattform zu legen.<br><a href=\"http:\/\/ec.europa.eu\/consumers\/odr\" target=\"_blank\" rel=\"noreferrer noopener\">http:\/\/ec.europa.eu\/consumers\/odr<\/a><\/p>\n\n\n\n<p class=\"has-black-color has-text-color\">Haftungsausschlu\u00df:<br>Mit Urteil vom 12. Mai 1998 hat das Landgericht Hamburg entschieden, dass man durch die Ausbringung eines Links die Inhalte der gelinkten Seite ggf. mit zu verantworten hat. Dies kann &#8211; so das LG &#8211; nur dadurch verhindert werden, dass man sich ausdr\u00fccklich von diesen Inhalten distanziert. Wir betonen ausdr\u00fccklich, dass wir keinerlei Einfluss auf die Gestaltung und die Inhalte der verlinkten Seiten haben. Deshalb distanzieren wir uns hiermit ausdr\u00fccklich von allen Inhalten aller verlinkten Seiten und machen uns ihre Inhalte nicht zu eigen. Diese Erkl\u00e4rung gilt f\u00fcr alle auf unseren Seiten angebrachten Links zu fremden Seiten.<\/p>\n","protected":false},"excerpt":{"rendered":"<p>Impressum Frigotechnik Handels-GmbH Ruhrstra\u00dfe 11122761 Hamburg Telefon: 040 540088-3Telefax: 040 540088-87info@frigotechnik.de Gesch\u00e4ftsf\u00fchrer:Kuno Holz, Wassim Dahche Sitz:Hamburg Registernummer:HRB 26101 Steuer-Nr.:41\/724\/02254 Allgemeine Gesch\u00e4ftsbedingungen:AGB als pdf herunterladen Ust.-ID-Nr.:DE 118550276 Urheberrecht:Die Web-Seiten www.frigotechnik.de und ihre Inhalte unterliegen dem (c) copyright der Frigotechnik Handels-GmbH. Alle Rechte sind vorbehalten. Europ\u00e4ische Online-Streitbeilegungs-Plattform:Gem\u00e4\u00df EU-Verordnung (EU) Nr. 524\/2013) sind wir als Anbieter eines Onlineshops [&hellip;]<\/p>\n","protected":false},"author":1,"featured_media":0,"parent":0,"menu_order":0,"comment_status":"closed","ping_status":"closed","template":"page-templates\/without-header.php","meta":{"footnotes":""},"class_list":["post-34","page","type-page","status-publish","hentry"],"_links":{"self":[{"href":"\/karriere\/wp-json\/wp\/v2\/pages\/34","targetHints":{"allow":["GET"]}}],"collection":[{"href":"\/karriere\/wp-json\/wp\/v2\/pages"}],"about":[{"href":"\/karriere\/wp-json\/wp\/v2\/types\/page"}],"author":[{"embeddable":true,"href":"\/karriere\/wp-json\/wp\/v2\/users\/1"}],"replies":[{"embeddable":true,"href":"\/karriere\/wp-json\/wp\/v2\/comments?post=34"}],"version-history":[{"count":6,"href":"\/karriere\/wp-json\/wp\/v2\/pages\/34\/revisions"}],"predecessor-version":[{"id":2694,"href":"\/karriere\/wp-json\/wp\/v2\/pages\/34\/revisions\/2694"}],"wp:attachment":[{"href":"\/karriere\/wp-json\/wp\/v2\/media?parent=34"}],"curies":[{"name":"wp","href":"https:\/\/api.w.org\/{rel}","templated":true}]}}