{"id":4,"date":"2021-03-03T12:24:57","date_gmt":"2021-03-03T11:24:57","guid":{"rendered":"http:\/\/abzufrigo.de\/?page_id=4"},"modified":"2025-07-17T11:53:54","modified_gmt":"2025-07-17T09:53:54","slug":"ab-zu-frigo","status":"publish","type":"page","link":"\/karriere\/","title":{"rendered":"Wir sind Frigotechnik!"},"content":{"rendered":"\n<div class=\"wp-block-cover alignfull is-light show-for-medium has-white-color has-text-color has-link-color has-x-large-font-size wp-elements-e074f3134f215a8d6fb90f70b62fc8c9 wp-duotone-unset-1\" style=\"min-height:100vh;aspect-ratio:unset;\"><video class=\"wp-block-cover__video-background intrinsic-ignore\" autoplay muted loop playsinline src=\"\/karriere\/wp-content\/uploads\/sites\/2\/2025\/06\/Website-Header-v8-16zu9-HQ.mp4\" data-object-fit=\"cover\"><\/video><span aria-hidden=\"true\" class=\"wp-block-cover__background has-black-background-color has-background-dim-0 has-background-dim\"><\/span><div class=\"wp-block-cover__inner-container is-layout-constrained wp-block-cover-is-layout-constrained\">\n<p class=\"has-text-align-right has-text-color has-link-color has-large-font-size wp-elements-7907d7cd5a8824eafb39870ba6c6573e\" style=\"color:#f0eaea;font-style:normal;font-weight:400;text-decoration:none;text-transform:none\"><\/p>\n<\/div><\/div>\n\n\n\n<div class=\"wp-block-cover alignfull is-light hide-for-medium has-white-color has-text-color has-link-color has-x-large-font-size wp-elements-92e22811346855b4d95cf4a46abca5b4\" style=\"min-height:100vh;aspect-ratio:unset;\"><video class=\"wp-block-cover__video-background intrinsic-ignore\" autoplay muted loop playsinline src=\"\/karriere\/wp-content\/uploads\/sites\/2\/2025\/06\/Website-Header-v8-3zu4-HQ.mp4\" data-object-fit=\"cover\"><\/video><span aria-hidden=\"true\" class=\"wp-block-cover__background has-black-background-color has-background-dim-0 has-background-dim\"><\/span><div class=\"wp-block-cover__inner-container is-layout-constrained wp-block-cover-is-layout-constrained\">\n<p class=\"has-text-align-right has-text-color has-link-color has-large-font-size wp-elements-e54973fbd1210980b3691016c84654e8\" style=\"color:#eadfdf;font-style:normal;font-weight:500\"><\/p>\n<\/div><\/div>\n\n\n\n<div style=\"height:2rem\" aria-hidden=\"true\" class=\"wp-block-spacer\"><\/div>\n\n\n\n<p class=\"has-black-color has-text-color\" style=\"font-size:50px\"><strong>\u00dcber uns<\/strong><\/p>\n\n\n\n<div class=\"wp-block-columns is-layout-flex wp-container-core-columns-is-layout-9d6595d7 wp-block-columns-is-layout-flex\">\n<div class=\"wp-block-column is-layout-flow wp-block-column-is-layout-flow\" style=\"flex-basis:100%\"><\/div>\n<\/div>\n\n\n\n<ul class=\"wp-block-list\">\n<li class=\"has-black-color has-text-color has-link-color has-medium-font-size wp-elements-0af4de0b18054dd2d63c62daf6ade1b2\">Seit <strong>1928<\/strong> geh\u00f6ren wir a<mark style=\"background-color:rgba(0, 0, 0, 0)\" class=\"has-inline-color has-black-color\">ls <strong>familiengef\u00fchrtes<\/strong> Unternehmen zu den f\u00fchrenden <strong>Gro\u00dfh\u00e4ndlern<\/strong> im Bereich der K\u00e4lte-, Klima- und W\u00e4rmepumpentechnik.  <\/mark><\/li>\n\n\n\n<li class=\"has-medium-font-size\"><mark style=\"background-color:rgba(0, 0, 0, 0)\" class=\"has-inline-color has-black-color\">Unser <strong>Sortiment<\/strong> besteht aus \u00fcber <strong>25.000 Artikeln<\/strong> von <strong>400 Lieferanten<\/strong> weltweit &#8211;  wir z\u00e4hlen \u00fcber <strong>8.000 Kunden<\/strong> aus Industrie und Handwerk. <\/mark><\/li>\n\n\n\n<li class=\"has-black-color has-text-color has-link-color has-medium-font-size wp-elements-88e8dfc5892b231a8673043416f40259\">Wir vereinen <mark style=\"background-color:rgba(0, 0, 0, 0)\" class=\"has-inline-color has-black-color\"><strong>Handel-, Engineering- und Produktionskompetenz<\/strong> und bieten mit unserer fl\u00e4chendeckenden Marktpr\u00e4senz spannende berufliche Perspektiven.<\/mark> <\/li>\n\n\n\n<li class=\"has-black-color has-text-color has-link-color has-medium-font-size wp-elements-f720659c05c8e83b6a310d83301551c4\"><mark style=\"background-color:rgba(0, 0, 0, 0)\" class=\"has-inline-color has-black-color\">An unseren <strong>21 Standorten<\/strong> setzen bereits \u00fcber <strong>250<\/strong> engagierte und erfahrene Kolleginnen und Kollegen jeden Tag alles daran, unsere Erfolgsgeschichte fortzuschreiben. <\/mark><\/li>\n\n\n\n<li class=\"has-black-color has-text-color has-link-color has-medium-font-size wp-elements-febe0bd4dc4447feb3da38d6ba1fd2d5\"><mark style=\"background-color:rgba(0, 0, 0, 0)\" class=\"has-inline-color has-black-color\">Unser <strong>Teamgeist<\/strong> und <strong>Zusammenhalt<\/strong> machen dabei den Unterschied. Gemeinsam erfinden wir uns jeden Tag ein St\u00fcck weit neu, um L\u00f6sungen zu entwickeln, die wirklich etwas bewegen<\/mark>, um uns so die M\u00e4rkte der Zukunft zu sichern.&nbsp;<\/li>\n\n\n\n<li class=\"has-black-color has-text-color has-link-color has-medium-font-size wp-elements-8580e81b67027053ae1d69ba0ca7f69c\">Mit bedarfsorientieren <strong>Weiterbildungsprogrammen<\/strong>, (internen) <strong>Schulungen<\/strong> und <strong>Seminaren<\/strong> <mark style=\"background-color:rgba(0, 0, 0, 0)\" class=\"has-inline-color has-black-color\">f\u00f6rdern wir ein Arbeitsumfeld, das auf eine gemeinsame und langfristige Zusammenarbeit setzt.<\/mark><\/li>\n<\/ul>\n\n\n\n<div style=\"height:63px\" aria-hidden=\"true\" class=\"wp-block-spacer\"><\/div>\n\n\n\n<p class=\"has-black-color has-text-color\" style=\"font-size:40px\"><strong>Unsere<\/strong> <strong>Standorte<\/strong><\/p>\n\n\n\n<div class=\"wp-block-columns is-layout-flex wp-container-core-columns-is-layout-9d6595d7 wp-block-columns-is-layout-flex\">\n<div class=\"wp-block-column is-layout-flow wp-block-column-is-layout-flow\" style=\"flex-basis:100%\"><\/div>\n<\/div>\n\n\n\n<div class=\"wp-block-media-text is-stacked-on-mobile\" style=\"grid-template-columns:44% auto\"><figure class=\"wp-block-media-text__media\"><img loading=\"lazy\" decoding=\"async\" width=\"1024\" height=\"667\" src=\"\/karriere\/wp-content\/uploads\/sites\/2\/2025\/01\/Tag2_066-1024x667.jpg\" alt=\"\" class=\"wp-image-2712 size-full\" srcset=\"\/karriere\/wp-content\/uploads\/sites\/2\/2025\/01\/Tag2_066-1024x667.jpg 1024w, \/karriere\/wp-content\/uploads\/sites\/2\/2025\/01\/Tag2_066-300x195.jpg 300w, \/karriere\/wp-content\/uploads\/sites\/2\/2025\/01\/Tag2_066-768x500.jpg 768w, \/karriere\/wp-content\/uploads\/sites\/2\/2025\/01\/Tag2_066-1536x1000.jpg 1536w, \/karriere\/wp-content\/uploads\/sites\/2\/2025\/01\/Tag2_066-2048x1334.jpg 2048w, \/karriere\/wp-content\/uploads\/sites\/2\/2025\/01\/Tag2_066-640x417.jpg 640w, \/karriere\/wp-content\/uploads\/sites\/2\/2025\/01\/Tag2_066-1200x781.jpg 1200w, \/karriere\/wp-content\/uploads\/sites\/2\/2025\/01\/Tag2_066-1920x1250.jpg 1920w\" sizes=\"auto, (max-width: 639px) 98vw, (max-width: 1199px) 64vw, 770px\" \/><\/figure><div class=\"wp-block-media-text__content\">\n<p class=\"has-text-align-center has-black-color has-text-color has-link-color wp-elements-a322c9d9a97b359a3c32f511a41457cf\" style=\"font-size:25px\"><strong>Unternehmenszentrale<\/strong><\/p>\n\n\n\n<p class=\"has-text-align-left has-black-color has-text-color\">Unser Hauptsitz in Hamburg ist f\u00fcr die strategische Betreuung und Beratung der Niederlassungen und Standorte verantwortlich. Dabei steuern unsere zentralen Fachbereiche die Abl\u00e4ufe, entwickeln zukunftsorientierte Prozesse und stellen sicher, dass alle Anforderungen effizient umgesetzt werden.<\/p>\n\n\n\n<p class=\"has-black-color has-text-color has-link-color wp-elements-ece28dce66ca86331bd64de8d2b2fed3\">In fach\u00fcbergreifender Zusammenarbeit und im t\u00e4glichen Austausch zu unseren Niederlassungen und Standorten entwickeln unsere Kolleginnen und Kollegen zentrale Ma\u00dfnahmen und Prozesse sowie neue Best-Practice-Ans\u00e4tze, um unsere Qualit\u00e4tsstandards zu wahren und h\u00f6chste Zufriedenheit auf allen Ebenen sicherzustellen.<\/p>\n<\/div><\/div>\n\n\n\n<div style=\"height:40px\" aria-hidden=\"true\" class=\"wp-block-spacer\"><\/div>\n\n\n\n<div style=\"height:83px\" aria-hidden=\"true\" class=\"wp-block-spacer\"><\/div>\n\n\n\n<div class=\"wp-block-media-text is-stacked-on-mobile\" style=\"grid-template-columns:44% auto\"><figure class=\"wp-block-media-text__media\"><img loading=\"lazy\" decoding=\"async\" width=\"1024\" height=\"675\" src=\"\/karriere\/wp-content\/uploads\/sites\/2\/2025\/01\/102-1024x675.jpg\" alt=\"\" class=\"wp-image-2705 size-full\" srcset=\"\/karriere\/wp-content\/uploads\/sites\/2\/2025\/01\/102-1024x675.jpg 1024w, \/karriere\/wp-content\/uploads\/sites\/2\/2025\/01\/102-300x198.jpg 300w, \/karriere\/wp-content\/uploads\/sites\/2\/2025\/01\/102-768x507.jpg 768w, \/karriere\/wp-content\/uploads\/sites\/2\/2025\/01\/102-1536x1013.jpg 1536w, \/karriere\/wp-content\/uploads\/sites\/2\/2025\/01\/102-2048x1351.jpg 2048w, \/karriere\/wp-content\/uploads\/sites\/2\/2025\/01\/102-640x422.jpg 640w, \/karriere\/wp-content\/uploads\/sites\/2\/2025\/01\/102-1200x791.jpg 1200w, \/karriere\/wp-content\/uploads\/sites\/2\/2025\/01\/102-1920x1266.jpg 1920w\" sizes=\"auto, (max-width: 639px) 98vw, (max-width: 1199px) 64vw, 770px\" \/><\/figure><div class=\"wp-block-media-text__content\">\n<p class=\"has-text-align-center has-black-color has-text-color has-link-color wp-elements-9c2e7001fc383db3a121c2b19976c0b0\" style=\"font-size:25px\"><strong>Niederlassungen<\/strong><\/p>\n\n\n\n<p class=\"has-text-align-left has-black-color has-text-color\">Als eigenst\u00e4ndige Profit- und Servicecenter, in allen Gro\u00dfst\u00e4dten und Metropolen Deutschlands, garantieren die 14<strong> <\/strong>Niederlassungen fl\u00e4chendeckende Kundenn\u00e4he. Alle Niederlassungen verf\u00fcgen \u00fcber ein eigenes Lager und intelligente Logistikprozesse, um so unser Service- und dienstleistungsorentiertes Angebot zu gew\u00e4hrleisten.<\/p>\n\n\n\n<p class=\"has-text-align-left has-black-color has-text-color\">Erfahrene Techniker und Meister aus der K\u00e4lte-Klimatechnik bewirken mit professioneller Expertise in technischer Beratung und Umsetzung f\u00fcr die optimale Kundenbetreuung. Gemeinsam mit den Vertriebsteams aus dem technischen Verkauf, dem Au\u00dfendienst und der Adminstration werden ma\u00dfgeschneiderte L\u00f6sungen umgesetzt \u2013 pers\u00f6nlich, schnell, kundenorientiert.<\/p>\n<\/div><\/div>\n\n\n\n<div style=\"height:40px\" aria-hidden=\"true\" class=\"wp-block-spacer\"><\/div>\n\n\n\n<div style=\"height:83px\" aria-hidden=\"true\" class=\"wp-block-spacer\"><\/div>\n\n\n\n<div class=\"wp-block-media-text is-stacked-on-mobile\" style=\"grid-template-columns:44% auto\"><figure class=\"wp-block-media-text__media\"><img loading=\"lazy\" decoding=\"async\" width=\"1024\" height=\"652\" src=\"\/karriere\/wp-content\/uploads\/sites\/2\/2025\/01\/327-1024x652.jpg\" alt=\"\" class=\"wp-image-2696 size-full\" srcset=\"\/karriere\/wp-content\/uploads\/sites\/2\/2025\/01\/327-1024x652.jpg 1024w, \/karriere\/wp-content\/uploads\/sites\/2\/2025\/01\/327-300x191.jpg 300w, \/karriere\/wp-content\/uploads\/sites\/2\/2025\/01\/327-768x489.jpg 768w, \/karriere\/wp-content\/uploads\/sites\/2\/2025\/01\/327-1536x979.jpg 1536w, \/karriere\/wp-content\/uploads\/sites\/2\/2025\/01\/327-2048x1305.jpg 2048w, \/karriere\/wp-content\/uploads\/sites\/2\/2025\/01\/327-640x408.jpg 640w, \/karriere\/wp-content\/uploads\/sites\/2\/2025\/01\/327-1200x765.jpg 1200w, \/karriere\/wp-content\/uploads\/sites\/2\/2025\/01\/327-1920x1223.jpg 1920w\" sizes=\"auto, (max-width: 639px) 98vw, (max-width: 1199px) 64vw, 770px\" \/><\/figure><div class=\"wp-block-media-text__content\">\n<p class=\"has-text-align-center has-black-color has-text-color has-link-color wp-elements-3b82c8e4cfbb2057803a20093e12d927\" style=\"font-size:25px\"><strong>Produktion<\/strong> <\/p>\n\n\n\n<p class=\"has-text-align-left has-black-color has-text-color\">In unserer eigenen Produktion fertigen wir innovative und ma\u00dfgeschneiderte K\u00e4ltesysteme, die genau auf die Anforderungen unserer Kunden abgestimmt sind. Ob in modularer oder in individuell geplanter Bauweise \u2013 wir bieten beides und produzieren je nach Bedarf in Einzel- oder Serienfertigung. Am gemeinsamen Standort mit dem Fachbereich Zentrale-Technik erm\u00f6glichen wir somit Anlagenplanung, Projektierung und Konstruktion sowie Produktneueinf\u00fchrungen unter einem Dach \u2013 unter unserer eigenen Marke: FrigoLine.<\/p>\n\n\n\n<p class=\"has-black-color has-text-color has-link-color wp-elements-e195baadc6fd2196d4baca8f747360f9\">In team\u00fcbergreifender Zusammenarbeit sorgen unsere Kolleginnen und Kollegen aus Produktion und Technik mit handwerklichem Geschick und Fachwissen aus der K\u00e4ltetechnik daf\u00fcr, dass jedes System den h\u00f6chsten Qualit\u00e4tsstandards \u2013 made in Germany entspricht.<\/p>\n<\/div><\/div>\n\n\n\n<div style=\"height:40px\" aria-hidden=\"true\" class=\"wp-block-spacer\"><\/div>\n\n\n\n<div style=\"height:83px\" aria-hidden=\"true\" class=\"wp-block-spacer\"><\/div>\n\n\n\n<div class=\"wp-block-media-text is-stacked-on-mobile\" style=\"grid-template-columns:44% auto\"><figure class=\"wp-block-media-text__media\"><img loading=\"lazy\" decoding=\"async\" width=\"1024\" height=\"674\" src=\"\/karriere\/wp-content\/uploads\/sites\/2\/2025\/01\/Tag2_027-1024x674.jpg\" alt=\"\" class=\"wp-image-2697 size-full\" srcset=\"\/karriere\/wp-content\/uploads\/sites\/2\/2025\/01\/Tag2_027-1024x674.jpg 1024w, \/karriere\/wp-content\/uploads\/sites\/2\/2025\/01\/Tag2_027-300x197.jpg 300w, \/karriere\/wp-content\/uploads\/sites\/2\/2025\/01\/Tag2_027-768x505.jpg 768w, \/karriere\/wp-content\/uploads\/sites\/2\/2025\/01\/Tag2_027-1536x1010.jpg 1536w, \/karriere\/wp-content\/uploads\/sites\/2\/2025\/01\/Tag2_027-2048x1347.jpg 2048w, \/karriere\/wp-content\/uploads\/sites\/2\/2025\/01\/Tag2_027-640x421.jpg 640w, \/karriere\/wp-content\/uploads\/sites\/2\/2025\/01\/Tag2_027-1200x789.jpg 1200w, \/karriere\/wp-content\/uploads\/sites\/2\/2025\/01\/Tag2_027-1920x1263.jpg 1920w\" sizes=\"auto, (max-width: 639px) 98vw, (max-width: 1199px) 64vw, 770px\" \/><\/figure><div class=\"wp-block-media-text__content\">\n<p class=\"has-text-align-center has-black-color has-text-color has-link-color wp-elements-6c37dbf3497348ecf994476eee7f6f71\" style=\"font-size:25px\"><strong>Zentrallager<\/strong><\/p>\n\n\n\n<p class=\"has-text-align-left has-black-color has-text-color\">Das eigene Zentrallager in Bad Hersfeld garantiert durch effiziente Logistikprozesse optimale Warenverf\u00fcgbarkeit und Next-Day-Lieferungen an alle bundesweite Niederlassungen und Standorte sowie Direktlieferungen zum Kunden \u2013 schnell, zuverl\u00e4ssig, bedarfsgerecht.<\/p>\n\n\n\n<p class=\"has-black-color has-text-color has-link-color wp-elements-351a7d6220d3f0d701164e90fdb9b2d5\">Im 2-Schicht-System stellen unsere Kolleginnen und Kollegen in enger Abstimmung mit der B\u00fcroadministration sicher, dass alle Produkte pr\u00e4zise, termingerecht und zuverl\u00e4ssig f\u00fcr die Auslieferung bereitstehen.<\/p>\n\n\n\n<div style=\"height:20px\" aria-hidden=\"true\" class=\"wp-block-spacer\"><\/div>\n<\/div><\/div>\n\n\n\n<div style=\"height:56px\" aria-hidden=\"true\" class=\"wp-block-spacer\"><\/div>\n\n\n\n<div class=\"wp-block-group is-vertical is-content-justification-stretch is-layout-flex wp-container-core-group-is-layout-b16ad781 wp-block-group-is-layout-flex\">\n<ul class=\"wp-block-social-links aligncenter has-huge-icon-size is-style-logos-only is-content-justification-center is-layout-flex wp-container-core-social-links-is-layout-16018d1d wp-block-social-links-is-layout-flex\"><li class=\"wp-social-link wp-social-link-linkedin  wp-block-social-link\"><a href=\"https:\/\/de.linkedin.com\/company\/frigotechnik-handels-gmbh\" class=\"wp-block-social-link-anchor\"><svg width=\"24\" height=\"24\" viewBox=\"0 0 24 24\" version=\"1.1\" xmlns=\"http:\/\/www.w3.org\/2000\/svg\" aria-hidden=\"true\" focusable=\"false\"><path d=\"M19.7,3H4.3C3.582,3,3,3.582,3,4.3v15.4C3,20.418,3.582,21,4.3,21h15.4c0.718,0,1.3-0.582,1.3-1.3V4.3 C21,3.582,20.418,3,19.7,3z M8.339,18.338H5.667v-8.59h2.672V18.338z M7.004,8.574c-0.857,0-1.549-0.694-1.549-1.548 c0-0.855,0.691-1.548,1.549-1.548c0.854,0,1.547,0.694,1.547,1.548C8.551,7.881,7.858,8.574,7.004,8.574z M18.339,18.338h-2.669 v-4.177c0-0.996-0.017-2.278-1.387-2.278c-1.389,0-1.601,1.086-1.601,2.206v4.249h-2.667v-8.59h2.559v1.174h0.037 c0.356-0.675,1.227-1.387,2.526-1.387c2.703,0,3.203,1.779,3.203,4.092V18.338z\"><\/path><\/svg><span class=\"wp-block-social-link-label screen-reader-text\">LinkedIn<\/span><\/a><\/li>\n\n<li class=\"wp-social-link wp-social-link-facebook  wp-block-social-link\"><a href=\"https:\/\/www.facebook.com\/frigotechnik\/?locale=de_DE\" class=\"wp-block-social-link-anchor\"><svg width=\"24\" height=\"24\" viewBox=\"0 0 24 24\" version=\"1.1\" xmlns=\"http:\/\/www.w3.org\/2000\/svg\" aria-hidden=\"true\" focusable=\"false\"><path d=\"M12 2C6.5 2 2 6.5 2 12c0 5 3.7 9.1 8.4 9.9v-7H7.9V12h2.5V9.8c0-2.5 1.5-3.9 3.8-3.9 1.1 0 2.2.2 2.2.2v2.5h-1.3c-1.2 0-1.6.8-1.6 1.6V12h2.8l-.4 2.9h-2.3v7C18.3 21.1 22 17 22 12c0-5.5-4.5-10-10-10z\"><\/path><\/svg><span class=\"wp-block-social-link-label screen-reader-text\">Facebook<\/span><\/a><\/li>\n\n<li class=\"wp-social-link wp-social-link-instagram  wp-block-social-link\"><a href=\"https:\/\/www.instagram.com\/frigotechnik\/\" class=\"wp-block-social-link-anchor\"><svg width=\"24\" height=\"24\" viewBox=\"0 0 24 24\" version=\"1.1\" xmlns=\"http:\/\/www.w3.org\/2000\/svg\" aria-hidden=\"true\" focusable=\"false\"><path d=\"M12,4.622c2.403,0,2.688,0.009,3.637,0.052c0.877,0.04,1.354,0.187,1.671,0.31c0.42,0.163,0.72,0.358,1.035,0.673 c0.315,0.315,0.51,0.615,0.673,1.035c0.123,0.317,0.27,0.794,0.31,1.671c0.043,0.949,0.052,1.234,0.052,3.637 s-0.009,2.688-0.052,3.637c-0.04,0.877-0.187,1.354-0.31,1.671c-0.163,0.42-0.358,0.72-0.673,1.035 c-0.315,0.315-0.615,0.51-1.035,0.673c-0.317,0.123-0.794,0.27-1.671,0.31c-0.949,0.043-1.233,0.052-3.637,0.052 s-2.688-0.009-3.637-0.052c-0.877-0.04-1.354-0.187-1.671-0.31c-0.42-0.163-0.72-0.358-1.035-0.673 c-0.315-0.315-0.51-0.615-0.673-1.035c-0.123-0.317-0.27-0.794-0.31-1.671C4.631,14.688,4.622,14.403,4.622,12 s0.009-2.688,0.052-3.637c0.04-0.877,0.187-1.354,0.31-1.671c0.163-0.42,0.358-0.72,0.673-1.035 c0.315-0.315,0.615-0.51,1.035-0.673c0.317-0.123,0.794-0.27,1.671-0.31C9.312,4.631,9.597,4.622,12,4.622 M12,3 C9.556,3,9.249,3.01,8.289,3.054C7.331,3.098,6.677,3.25,6.105,3.472C5.513,3.702,5.011,4.01,4.511,4.511 c-0.5,0.5-0.808,1.002-1.038,1.594C3.25,6.677,3.098,7.331,3.054,8.289C3.01,9.249,3,9.556,3,12c0,2.444,0.01,2.751,0.054,3.711 c0.044,0.958,0.196,1.612,0.418,2.185c0.23,0.592,0.538,1.094,1.038,1.594c0.5,0.5,1.002,0.808,1.594,1.038 c0.572,0.222,1.227,0.375,2.185,0.418C9.249,20.99,9.556,21,12,21s2.751-0.01,3.711-0.054c0.958-0.044,1.612-0.196,2.185-0.418 c0.592-0.23,1.094-0.538,1.594-1.038c0.5-0.5,0.808-1.002,1.038-1.594c0.222-0.572,0.375-1.227,0.418-2.185 C20.99,14.751,21,14.444,21,12s-0.01-2.751-0.054-3.711c-0.044-0.958-0.196-1.612-0.418-2.185c-0.23-0.592-0.538-1.094-1.038-1.594 c-0.5-0.5-1.002-0.808-1.594-1.038c-0.572-0.222-1.227-0.375-2.185-0.418C14.751,3.01,14.444,3,12,3L12,3z M12,7.378 c-2.552,0-4.622,2.069-4.622,4.622S9.448,16.622,12,16.622s4.622-2.069,4.622-4.622S14.552,7.378,12,7.378z M12,15 c-1.657,0-3-1.343-3-3s1.343-3,3-3s3,1.343,3,3S13.657,15,12,15z M16.804,6.116c-0.596,0-1.08,0.484-1.08,1.08 s0.484,1.08,1.08,1.08c0.596,0,1.08-0.484,1.08-1.08S17.401,6.116,16.804,6.116z\"><\/path><\/svg><span class=\"wp-block-social-link-label screen-reader-text\">Instagram<\/span><\/a><\/li><\/ul>\n\n\n\n<div class=\"wp-block-buttons is-layout-flex wp-block-buttons-is-layout-flex\"><\/div>\n<\/div>\n","protected":false},"excerpt":{"rendered":"<p>\u00dcber uns Unsere Standorte Unternehmenszentrale Unser Hauptsitz in Hamburg ist f\u00fcr die strategische Betreuung und Beratung der Niederlassungen und Standorte verantwortlich. Dabei steuern unsere zentralen Fachbereiche die Abl\u00e4ufe, entwickeln zukunftsorientierte Prozesse und stellen sicher, dass alle Anforderungen effizient umgesetzt werden. In fach\u00fcbergreifender Zusammenarbeit und im t\u00e4glichen Austausch zu unseren Niederlassungen und Standorten entwickeln unsere Kolleginnen [&hellip;]<\/p>\n","protected":false},"author":1,"featured_media":0,"parent":0,"menu_order":0,"comment_status":"closed","ping_status":"closed","template":"page-templates\/front.php","meta":{"footnotes":""},"class_list":["post-4","page","type-page","status-publish","hentry"],"_links":{"self":[{"href":"\/karriere\/wp-json\/wp\/v2\/pages\/4","targetHints":{"allow":["GET"]}}],"collection":[{"href":"\/karriere\/wp-json\/wp\/v2\/pages"}],"about":[{"href":"\/karriere\/wp-json\/wp\/v2\/types\/page"}],"author":[{"embeddable":true,"href":"\/karriere\/wp-json\/wp\/v2\/users\/1"}],"replies":[{"embeddable":true,"href":"\/karriere\/wp-json\/wp\/v2\/comments?post=4"}],"version-history":[{"count":399,"href":"\/karriere\/wp-json\/wp\/v2\/pages\/4\/revisions"}],"predecessor-version":[{"id":2820,"href":"\/karriere\/wp-json\/wp\/v2\/pages\/4\/revisions\/2820"}],"wp:attachment":[{"href":"\/karriere\/wp-json\/wp\/v2\/media?parent=4"}],"curies":[{"name":"wp","href":"https:\/\/api.w.org\/{rel}","templated":true}]}}