{"id":44,"date":"2021-03-04T09:20:37","date_gmt":"2021-03-04T08:20:37","guid":{"rendered":"http:\/\/abzufrigo.de\/?page_id=44"},"modified":"2025-02-14T12:55:21","modified_gmt":"2025-02-14T11:55:21","slug":"was-wir-bieten","status":"publish","type":"page","link":"\/karriere\/was-wir-bieten\/","title":{"rendered":"Was wir bieten"},"content":{"rendered":"\n<h1 class=\"wp-block-heading has-black-color has-white-background-color has-text-color has-background\" style=\"font-size:50px\"><strong>Unsere<\/strong> <strong>Benefits <\/strong><\/h1>\n\n\n\n<div style=\"height:40px\" aria-hidden=\"true\" class=\"wp-block-spacer\"><\/div>\n\n\n\n<div class=\"wp-block-columns is-layout-flex wp-container-core-columns-is-layout-9d6595d7 wp-block-columns-is-layout-flex\">\n<div class=\"wp-block-column is-layout-flow wp-block-column-is-layout-flow\">\n<i class=\"top fas fa-money-bill-wave\"><\/i>\n\n\n\n<h4 class=\"wp-block-heading has-text-align-center has-black-color has-text-color\"><strong>Attraktives Verg\u00fctungs- und Leistungspaket<\/strong><\/h4>\n\n\n\n<p><\/p>\n\n\n\n<p class=\"has-text-align-center has-black-color has-text-color\">Hinzu kommen <strong>Urlaubs- und Weihnachtsgeld, Pr\u00e4mien- und Sonderzahlungen<\/strong>, betriebliche Altersvorsorge und verm\u00f6genswirksame Leistungen.<\/p>\n<\/div>\n\n\n\n<div class=\"wp-block-column is-layout-flow wp-block-column-is-layout-flow\">\n<i class=\"top fas fa-plane\"><\/i>\n\n\n\n<h4 class=\"wp-block-heading alignwide has-text-align-center has-black-color has-text-color\"><strong> <\/strong><\/h4>\n\n\n\n<h4 class=\"wp-block-heading alignwide has-text-align-center has-black-color has-text-color\"><strong>30 Urlaubstage pro Jahr<\/strong><\/h4>\n\n\n\n<div style=\"height:41px\" aria-hidden=\"true\" class=\"wp-block-spacer\"><\/div>\n\n\n\n<p class=\"has-text-align-center has-black-color has-text-color\">Sowie <strong>Sonderurlaub<\/strong>, bei besonderen Anl\u00e4ssen.<\/p>\n\n\n\n<p class=\"has-white-color has-text-color\">&#8211;<\/p>\n<\/div>\n\n\n\n<div class=\"wp-block-column is-layout-flow wp-block-column-is-layout-flow\">\n<i class=\"top fas fa-clock\"><\/i>\n\n\n\n<h4 class=\"wp-block-heading has-text-align-center has-black-color has-text-color\"><strong>Planbare und strukturierte Arbeitszeiten<\/strong><\/h4>\n\n\n\n<p><\/p>\n\n\n\n<p class=\"has-text-align-center has-black-color has-text-color\">Als familienfreundlicher Arbeitgeber <strong>(ohne<\/strong> <strong>Wochenenddienst)<\/strong> sorgen wir f\u00fcr den passenden Ausgleich zwischen Beruf und Familie.<\/p>\n<\/div>\n<\/div>\n\n\n\n<div class=\"wp-block-columns is-layout-flex wp-container-core-columns-is-layout-9d6595d7 wp-block-columns-is-layout-flex\">\n<div class=\"wp-block-column is-layout-flow wp-block-column-is-layout-flow\">\n<i class=\"top fas fa-map-marker-alt\"><\/i>\n\n\n\n<h4 class=\"wp-block-heading has-text-align-center has-black-color has-text-color\"><strong>Bundesweite Jobm\u00f6glichkeiten<\/strong><\/h4>\n\n\n\n<h6 class=\"wp-block-heading has-white-color has-text-color has-medium-font-size\"><strong><strong>&#8211;<\/strong><\/strong><\/h6>\n\n\n\n<p><\/p>\n\n\n\n<p class=\"has-text-align-center has-black-color has-text-color\">Mehr als <strong>20 Standorte<\/strong> bieten verschiedenste Job-M\u00f6glichkeiten und Alternativen, die zu Ihrer privaten Situation passen.<\/p>\n\n\n\n<p class=\"has-white-color has-text-color\"><\/p>\n\n\n\n<div style=\"height:24px\" aria-hidden=\"true\" class=\"wp-block-spacer\"><\/div>\n\n\n\n<i class=\"top fas fa-graduation-cap\"><\/i>\n\n\n\n<h4 class=\"wp-block-heading has-text-align-center has-black-color has-text-color\"><strong><strong>Vielf\u00e4ltige Berufs- und Karriereoptionen<\/strong><\/strong><\/h4>\n\n\n\n<p><\/p>\n\n\n\n<p class=\"has-text-align-center has-black-color has-text-color\">Kaufm\u00e4nnisch oder gewerblich. Berufseinsteiger oder hochqualifizierter Branchenexperte. <strong>Wir finden den passenden Platz f\u00fcr Sie.<\/strong><\/p>\n\n\n\n<p><\/p>\n<\/div>\n\n\n\n<div class=\"wp-block-column is-layout-flow wp-block-column-is-layout-flow\">\n<i class=\"top fas fa-chalkboard\"><\/i>\n\n\n\n<h4 class=\"wp-block-heading has-text-align-center has-black-color has-text-color\"><strong><strong>Fort- und Weiterbildungsoptionen<\/strong><\/strong><\/h4>\n\n\n\n<p><\/p>\n\n\n\n<div style=\"height:17px\" aria-hidden=\"true\" class=\"wp-block-spacer\"><\/div>\n\n\n\n<p><\/p>\n\n\n\n<p class=\"has-text-align-center has-black-color has-text-color\">F\u00f6rderung von gezielten <strong>Aus- und Weiterbildungsm\u00f6glichkeiten<\/strong> zur fachlichen und pers\u00f6nlichen Entwicklung.<\/p>\n\n\n\n<p class=\"has-white-color has-text-color\">&#8211;<\/p>\n\n\n\n<i class=\"top fas fa-notes-medical\"><\/i>\n\n\n\n<h4 class=\"wp-block-heading has-text-align-center has-black-color has-text-color\"><strong>Betriebliches Gesundheitsmanagement<\/strong><\/h4>\n\n\n\n<div style=\"height:5px\" aria-hidden=\"true\" class=\"wp-block-spacer\"><\/div>\n\n\n\n<p class=\"has-text-align-center has-black-color has-text-color\">Profitieren Sie von einer 24-Stunden <strong>Gruppenunfallversicherung<\/strong> und j\u00e4hrlichen Grippeschutzimpfungen am Standort Hamburg.<\/p>\n<\/div>\n<\/div>\n\n\n\n<div class=\"wp-block-columns is-layout-flex wp-container-core-columns-is-layout-9d6595d7 wp-block-columns-is-layout-flex\">\n<div class=\"wp-block-column is-vertically-aligned-center is-layout-flow wp-block-column-is-layout-flow\">\n<i class=\"top fas fa-angle-double-right\"><\/i>\n\n\n\n<p><\/p>\n\n\n\n<h4 class=\"wp-block-heading has-text-align-center has-black-color has-text-color\"><strong>Weitere Benefits<\/strong><\/h4>\n\n\n\n<p class=\"has-text-align-center has-black-color has-text-color\"><\/p>\n\n\n\n<p class=\"has-text-align-center has-black-color has-text-color\"><strong>\ud83d\uddf8<\/strong> Kostenfreie Getr\u00e4nke am Arbeitsplatz <\/p>\n\n\n\n<p class=\"has-text-align-center has-black-color has-text-color\"><strong>\ud83d\uddf8<\/strong> Mitarbeiter werben Mitarbeiter  <\/p>\n\n\n\n<p class=\"has-text-align-center has-black-color has-text-color\"><strong>\ud83d\uddf8<\/strong> E-Bike Leasing<\/p>\n\n\n\n<p class=\"has-text-align-center has-black-color has-text-color\"><strong>\ud83d\uddf8<\/strong> Zuschuss zum Deutschlandticket<\/p>\n\n\n\n<p class=\"has-text-align-center has-black-color has-text-color\"><strong>\ud83d\uddf8<\/strong> Teamevents und vieles mehr!<\/p>\n\n\n\n<p class=\"has-text-align-left has-black-color has-text-color\"><\/p>\n\n\n\n<p class=\"has-text-align-left has-black-color has-text-color\"><\/p>\n<\/div>\n<\/div>\n","protected":false},"excerpt":{"rendered":"<p>Unsere Benefits Attraktives Verg\u00fctungs- und Leistungspaket Hinzu kommen Urlaubs- und Weihnachtsgeld, Pr\u00e4mien- und Sonderzahlungen, betriebliche Altersvorsorge und verm\u00f6genswirksame Leistungen. 30 Urlaubstage pro Jahr Sowie Sonderurlaub, bei besonderen Anl\u00e4ssen. &#8211; Planbare und strukturierte Arbeitszeiten Als familienfreundlicher Arbeitgeber (ohne Wochenenddienst) sorgen wir f\u00fcr den passenden Ausgleich zwischen Beruf und Familie. Bundesweite Jobm\u00f6glichkeiten &#8211; Mehr als 20 Standorte [&hellip;]<\/p>\n","protected":false},"author":1,"featured_media":0,"parent":0,"menu_order":0,"comment_status":"closed","ping_status":"closed","template":"page-templates\/without-header.php","meta":{"footnotes":""},"class_list":["post-44","page","type-page","status-publish","hentry"],"_links":{"self":[{"href":"\/karriere\/wp-json\/wp\/v2\/pages\/44","targetHints":{"allow":["GET"]}}],"collection":[{"href":"\/karriere\/wp-json\/wp\/v2\/pages"}],"about":[{"href":"\/karriere\/wp-json\/wp\/v2\/types\/page"}],"author":[{"embeddable":true,"href":"\/karriere\/wp-json\/wp\/v2\/users\/1"}],"replies":[{"embeddable":true,"href":"\/karriere\/wp-json\/wp\/v2\/comments?post=44"}],"version-history":[{"count":119,"href":"\/karriere\/wp-json\/wp\/v2\/pages\/44\/revisions"}],"predecessor-version":[{"id":2727,"href":"\/karriere\/wp-json\/wp\/v2\/pages\/44\/revisions\/2727"}],"wp:attachment":[{"href":"\/karriere\/wp-json\/wp\/v2\/media?parent=44"}],"curies":[{"name":"wp","href":"https:\/\/api.w.org\/{rel}","templated":true}]}}